{"id":36,"date":"2024-04-20T22:10:24","date_gmt":"2024-04-20T20:10:24","guid":{"rendered":"http:\/\/www.schachverein-lochau.at\/wordpress\/?page_id=36"},"modified":"2025-11-08T16:10:59","modified_gmt":"2025-11-08T15:10:59","slug":"kinder-und-jugendschach","status":"publish","type":"page","link":"https:\/\/www.schachverein-lochau.at\/wordpress\/kinder-und-jugendschach\/","title":{"rendered":"Kinder &amp; Jugendschach"},"content":{"rendered":"\n<figure class=\"wp-block-image size-full\"><img loading=\"lazy\" decoding=\"async\" width=\"759\" height=\"282\" src=\"http:\/\/www.schachverein-lochau.at\/wordpress\/wp-content\/uploads\/2024\/04\/Kinderschach.jpg\" alt=\"\" class=\"wp-image-38\" srcset=\"https:\/\/www.schachverein-lochau.at\/wordpress\/wp-content\/uploads\/2024\/04\/Kinderschach.jpg 759w, https:\/\/www.schachverein-lochau.at\/wordpress\/wp-content\/uploads\/2024\/04\/Kinderschach-300x111.jpg 300w\" sizes=\"auto, (max-width: 759px) 100vw, 759px\" \/><\/figure>\n\n\n\n<p>Einer der Schwerpunkte des Vereins ist die F\u00f6rderung des Schachnachwuchses. Schlie\u00dflich kann man mit dem Training nie fr\u00fch genug beginnen. Bei uns spielen Kinder und Jugendliche im Alter von 5 &#8211; 25 Jahren in zwei Gruppen begeistert beim Verein. Die Trainingseinheiten<br>f\u00fcr die <strong>Kinder finden jeden Donnerstag von 17:00 &#8211; 18:30 Uhr<\/strong> statt, f\u00fcr die <strong>Fortgeschrittenen am <strong>Donnerstag <\/strong>von 18:30 &#8211; 20:00 Uhr<\/strong>.<\/p>\n\n\n\n<p><\/p>\n\n\n<div class=\"wp-block-image\">\n<figure class=\"aligncenter size-full is-resized\"><img loading=\"lazy\" decoding=\"async\" width=\"267\" height=\"376\" src=\"http:\/\/www.schachverein-lochau.at\/wordpress\/wp-content\/uploads\/2024\/04\/Peter_Mittelberger.jpg\" alt=\"\" class=\"wp-image-39\" style=\"width:180px;height:auto\" srcset=\"https:\/\/www.schachverein-lochau.at\/wordpress\/wp-content\/uploads\/2024\/04\/Peter_Mittelberger.jpg 267w, https:\/\/www.schachverein-lochau.at\/wordpress\/wp-content\/uploads\/2024\/04\/Peter_Mittelberger-213x300.jpg 213w\" sizes=\"auto, (max-width: 267px) 100vw, 267px\" \/><\/figure>\n<\/div>\n\n\n<p>Unser Jugendbetreuer <strong>NM Dr. Peter Mittelberger<\/strong> organisiert die Schachlehrstunden und Trainingseinheiten hervorragend. Er ist mehrfacher Landesmeister und Bundesligaspieler. Er kann mit sehr viel Erfahrung und Spa\u00df an der Sache punkten.<\/p>\n\n\n\n<p>F\u00fcr <strong>weitere Ausk\u00fcnfte <\/strong>kann man sich gerne an den Trainer\u00a0Peter Mittelberger (peter.mittelberger (a) aon.at) oder den Obmann\u00a0Manfred Mayr\u00a0(manfred-mayr (a) aon.at) wenden.<\/p>\n\n\n\n<p><\/p>\n","protected":false},"excerpt":{"rendered":"<p>Einer der Schwerpunkte des Vereins ist die F\u00f6rderung des Schachnachwuchses. Schlie\u00dflich kann man mit dem Training nie fr\u00fch genug beginnen. Bei uns spielen Kinder und Jugendliche im Alter von 5 &#8211; 25 Jahren in zwei Gruppen begeistert beim Verein. Die &hellip; <a href=\"https:\/\/www.schachverein-lochau.at\/wordpress\/kinder-und-jugendschach\/\">Weiterlesen <span class=\"meta-nav\">&rarr;<\/span><\/a><\/p>\n","protected":false},"author":1,"featured_media":0,"parent":0,"menu_order":0,"comment_status":"closed","ping_status":"closed","template":"","meta":{"footnotes":""},"class_list":["post-36","page","type-page","status-publish","hentry"],"_links":{"self":[{"href":"https:\/\/www.schachverein-lochau.at\/wordpress\/wp-json\/wp\/v2\/pages\/36","targetHints":{"allow":["GET"]}}],"collection":[{"href":"https:\/\/www.schachverein-lochau.at\/wordpress\/wp-json\/wp\/v2\/pages"}],"about":[{"href":"https:\/\/www.schachverein-lochau.at\/wordpress\/wp-json\/wp\/v2\/types\/page"}],"author":[{"embeddable":true,"href":"https:\/\/www.schachverein-lochau.at\/wordpress\/wp-json\/wp\/v2\/users\/1"}],"replies":[{"embeddable":true,"href":"https:\/\/www.schachverein-lochau.at\/wordpress\/wp-json\/wp\/v2\/comments?post=36"}],"version-history":[{"count":12,"href":"https:\/\/www.schachverein-lochau.at\/wordpress\/wp-json\/wp\/v2\/pages\/36\/revisions"}],"predecessor-version":[{"id":496,"href":"https:\/\/www.schachverein-lochau.at\/wordpress\/wp-json\/wp\/v2\/pages\/36\/revisions\/496"}],"wp:attachment":[{"href":"https:\/\/www.schachverein-lochau.at\/wordpress\/wp-json\/wp\/v2\/media?parent=36"}],"curies":[{"name":"wp","href":"https:\/\/api.w.org\/{rel}","templated":true}]}}