{"id":61,"date":"2024-04-21T11:10:06","date_gmt":"2024-04-21T09:10:06","guid":{"rendered":"http:\/\/www.schachverein-lochau.at\/wordpress\/?page_id=61"},"modified":"2024-04-21T19:10:01","modified_gmt":"2024-04-21T17:10:01","slug":"vereinslokal","status":"publish","type":"page","link":"http:\/\/www.schachverein-lochau.at\/wordpress\/vereinslokal\/","title":{"rendered":"Vereinslokal"},"content":{"rendered":"\n<p>Seit August 1999 spielen wir im Vereinshaus &#8222;Alte Schule&#8220; in Lochau. Hier bekamen wir von der Gemeinde eine tolle Unterkunft zu Verf\u00fcgung gestellt. Neben dem Spielsaal befindet sich ein Nebenraum, indem unsere kleine Kantine untergebracht ist. Er dient zus\u00e4tzlich als Analyseraum nach einem Wettkampf. Das Spiellokal eignet sich hervorragend zur Durchf\u00fchrung von Vereinsabenden, Unterricht, diveren Turnieren und Mannschaftswettk\u00e4mpfen.<br><\/p>\n\n\n\n<p class=\"has-text-align-center\"><a href=\"https:\/\/maps.app.goo.gl\/gVWUHuPGLrGMuMwr8\" target=\"_blank\" rel=\"noreferrer noopener\">Maps-Link: &#8211;> Gr\u00f6\u00dfere Kartenansicht in Google-Maps<\/a><\/p>\n\n\n\n<p class=\"has-text-align-center\">Landstra\u00dfe 27, 6911 Lochau<\/p>\n\n\n<div class=\"wp-block-image\">\n<figure class=\"aligncenter size-full\"><img loading=\"lazy\" decoding=\"async\" width=\"761\" height=\"572\" src=\"http:\/\/www.schachverein-lochau.at\/wordpress\/wp-content\/uploads\/2024\/04\/grafik-1.png\" alt=\"\" class=\"wp-image-62\" srcset=\"http:\/\/www.schachverein-lochau.at\/wordpress\/wp-content\/uploads\/2024\/04\/grafik-1.png 761w, http:\/\/www.schachverein-lochau.at\/wordpress\/wp-content\/uploads\/2024\/04\/grafik-1-300x225.png 300w\" sizes=\"auto, (max-width: 761px) 100vw, 761px\" \/><\/figure>\n<\/div>\n\n\n<figure class=\"wp-block-image size-large\"><img loading=\"lazy\" decoding=\"async\" width=\"1024\" height=\"509\" src=\"http:\/\/www.schachverein-lochau.at\/wordpress\/wp-content\/uploads\/2024\/04\/grafik-11-1024x509.png\" alt=\"\" class=\"wp-image-127\" srcset=\"http:\/\/www.schachverein-lochau.at\/wordpress\/wp-content\/uploads\/2024\/04\/grafik-11-1024x509.png 1024w, http:\/\/www.schachverein-lochau.at\/wordpress\/wp-content\/uploads\/2024\/04\/grafik-11-300x149.png 300w, http:\/\/www.schachverein-lochau.at\/wordpress\/wp-content\/uploads\/2024\/04\/grafik-11-768x382.png 768w, http:\/\/www.schachverein-lochau.at\/wordpress\/wp-content\/uploads\/2024\/04\/grafik-11.png 1435w\" sizes=\"auto, (max-width: 1024px) 100vw, 1024px\" \/><\/figure>\n","protected":false},"excerpt":{"rendered":"<p>Seit August 1999 spielen wir im Vereinshaus &#8222;Alte Schule&#8220; in Lochau. Hier bekamen wir von der Gemeinde eine tolle Unterkunft zu Verf\u00fcgung gestellt. Neben dem Spielsaal befindet sich ein Nebenraum, indem unsere kleine Kantine untergebracht ist. Er dient zus\u00e4tzlich als &hellip; <a href=\"http:\/\/www.schachverein-lochau.at\/wordpress\/vereinslokal\/\">Weiterlesen <span class=\"meta-nav\">&rarr;<\/span><\/a><\/p>\n","protected":false},"author":1,"featured_media":0,"parent":0,"menu_order":0,"comment_status":"closed","ping_status":"closed","template":"","meta":{"footnotes":""},"class_list":["post-61","page","type-page","status-publish","hentry"],"_links":{"self":[{"href":"http:\/\/www.schachverein-lochau.at\/wordpress\/wp-json\/wp\/v2\/pages\/61","targetHints":{"allow":["GET"]}}],"collection":[{"href":"http:\/\/www.schachverein-lochau.at\/wordpress\/wp-json\/wp\/v2\/pages"}],"about":[{"href":"http:\/\/www.schachverein-lochau.at\/wordpress\/wp-json\/wp\/v2\/types\/page"}],"author":[{"embeddable":true,"href":"http:\/\/www.schachverein-lochau.at\/wordpress\/wp-json\/wp\/v2\/users\/1"}],"replies":[{"embeddable":true,"href":"http:\/\/www.schachverein-lochau.at\/wordpress\/wp-json\/wp\/v2\/comments?post=61"}],"version-history":[{"count":4,"href":"http:\/\/www.schachverein-lochau.at\/wordpress\/wp-json\/wp\/v2\/pages\/61\/revisions"}],"predecessor-version":[{"id":157,"href":"http:\/\/www.schachverein-lochau.at\/wordpress\/wp-json\/wp\/v2\/pages\/61\/revisions\/157"}],"wp:attachment":[{"href":"http:\/\/www.schachverein-lochau.at\/wordpress\/wp-json\/wp\/v2\/media?parent=61"}],"curies":[{"name":"wp","href":"https:\/\/api.w.org\/{rel}","templated":true}]}}