{"id":3,"date":"2024-04-20T20:46:22","date_gmt":"2024-04-20T18:46:22","guid":{"rendered":"http:\/\/www.schachverein-lochau.at\/wordpress\/?page_id=3"},"modified":"2024-04-21T20:19:59","modified_gmt":"2024-04-21T18:19:59","slug":"datenschutzerklaerung","status":"publish","type":"page","link":"http:\/\/www.schachverein-lochau.at\/wordpress\/datenschutzerklaerung\/","title":{"rendered":"Impressum &amp; Datenschutzerkl\u00e4rung"},"content":{"rendered":"\n<p>Informationspflicht laut \u00a75 E-Commerce Gesetz, \u00a714 Unternehmensgesetzbuch, \u00a763 Gewerbeordnung und Offenlegungspflicht laut \u00a725 Mediengesetz<\/p>\n\n\n\n<p><strong>Schachverein 1954 Lochau<br>ZVR: 204827190<\/strong><\/p>\n\n\n\n<p><strong>Organschaftliche Vertreter<\/strong>: Obmann Manfred Mayr<\/p>\n\n\n\n<p><strong>E-Mail:<\/strong>\u00a0manfred-mayr (a) aon.at<\/p>\n\n\n\n<p><strong>Vereinszweck<\/strong>: Zweck des Vereins ist die F\u00f6rderung des Schachspiels in der Gemeinde.<\/p>\n\n\n\n<p><strong>Quelle Datenschutz:<\/strong>&nbsp;<a href=\"http:\/\/www.chess.at\/blog-info-verband\">http:\/\/www.chess.at\/blog-info-verband<\/a><\/p>\n\n\n\n<h2 class=\"wp-block-heading\">Haftungsausschluss<\/h2>\n\n\n\n<p>Dieser Haftungsausschluss ist als Teil des Internetangebotes zu betrachten, von dem aus auf diese Webseite&nbsp;verwiesen wurde. Sofern Teile oder einzelne Formulierungen dieses Textes der geltenden Rechtslage nicht, nicht mehr oder nicht vollst\u00e4ndig entsprechen sollten, bleiben die \u00fcbrigen Teile des Dokumentes in ihrem Inhalt und ihrer G\u00fcltigkeit davon unber\u00fchrt.<\/p>\n\n\n\n<h3 class=\"wp-block-heading\">Haftung f\u00fcr Inhalte dieser Webseite<\/h3>\n\n\n\n<p>Die Inhalte unserer Seiten wurden mit gr\u00f6\u00dfter Sorgfalt erstellt. F\u00fcr die Richtigkeit, Vollst\u00e4ndigkeit und Aktualit\u00e4t der Inhalte k\u00f6nnen wir jedoch keine Gew\u00e4hr \u00fcbernehmen. Als Diensteanbieter sind wir f\u00fcr eigene Inhalte auf diesen Seiten nach den allgemeinen Gesetzen verantwortlich. Wir sind jedoch nicht verpflichtet, \u00fcbermittelte oder gespeicherte fremde Informationen zu \u00fcberwachen oder nach Umst\u00e4nden zu forschen, die auf eine rechtswidrige T\u00e4tigkeit hinweisen. Verpflichtungen zur Entfernung oder Sperrung der Nutzung von Informationen nach den allgemeinen Gesetzen bleiben hiervon unber\u00fchrt. Eine diesbez\u00fcgliche Haftung ist jedoch erst ab dem Zeitpunkt der Kenntnis einer konkreten Rechtsverletzung m\u00f6glich. Bei Bekanntwerden von entsprechenden Rechtsverletzungen werden wir diese Inhalte umgehend entfernen.<\/p>\n\n\n\n<h3 class=\"wp-block-heading\">Haftung f\u00fcr Links auf Webseiten Dritter<\/h3>\n\n\n\n<p>Unser Angebot enth\u00e4lt Links zu externen Websites. Auf den Inhalt dieser externen Webseiten haben wir keinerlei Einfluss. Deshalb k\u00f6nnen wir f\u00fcr diese fremden Inhalte auch keine Gew\u00e4hr \u00fcbernehmen. F\u00fcr die Inhalte der verlinkten Seiten ist stets der jeweilige Anbieter oder Betreiber der Seiten verantwortlich. Die verlinkten Seiten wurden zum Zeitpunkt der Verlinkung auf m\u00f6gliche Rechtsverst\u00f6\u00dfe \u00fcberpr\u00fcft. Rechtswidrige Inhalte waren zum Zeitpunkt der Verlinkung nicht erkennbar. Eine permanente inhaltliche Kontrolle der verlinkten Seiten ist jedoch ohne konkrete Anhaltspunkte einer Rechtsverletzung nicht zumutbar. Bei Bekanntwerden von Rechtsverletzungen werden wir derartige Links umgehend entfernen.<\/p>\n\n\n\n<h3 class=\"wp-block-heading\">Urheberrecht<\/h3>\n\n\n\n<p>Die Betreiber dieser Webseite&nbsp;sind bem\u00fcht, stets die Urheberrechte anderer zu beachten bzw. auf selbst erstellte sowie lizenzfreie Werke zur\u00fcckzugreifen. Die durch die Seitenbetreiber erstellten Inhalte und Werke auf dieser Webseite unterliegen dem Urheberrecht. Beitr\u00e4ge Dritter sind als solche gekennzeichnet. Die Vervielf\u00e4ltigung, Bearbeitung, Verbreitung und jede Art der Verwertung au\u00dferhalb der Grenzen des Urheberrechtes bed\u00fcrfen der schriftlichen Zustimmung des jeweiligen Autors bzw. Erstellers. Downloads und Kopien dieser Seite sind nur f\u00fcr den privaten, nicht kommerziellen Gebrauch gestattet.<\/p>\n\n\n\n<h2 class=\"wp-block-heading\"><strong>Datenschutzerkl\u00e4rung f\u00fcr Besucher dieser Webseite<\/strong><\/h2>\n\n\n\n<p>Diese Erkl\u00e4rung beschreibt, wie der Schachverein 1954 Lochau Ihre personenbezogenen Daten verarbeiten.<\/p>\n\n\n\n<p>Aus Gr\u00fcnden der Lesbarkeit wird auf der Website darauf verzichtet, geschlechtsspezifische Formulierungen zu verwenden. Soweit personenbezogene Bezeichnungen nur in m\u00e4nnlicher Form angef\u00fchrt sind, beziehen sie sich auf M\u00e4nner und Frauen in gleicher Weise\u201c.<\/p>\n\n\n\n<p>Die Erkl\u00e4rung richtet sich an alle Besucher dieser Webseite sowie Personen, deren personenbezogenen Daten wir im Rahmen dieser Webseite anzeigen, wie: Spieler, Funktion\u00e4re, Organisatoren, Schiedsrichter, Trainer, \u2026<\/p>\n\n\n\n<h3 class=\"wp-block-heading\">1 Zweck der Datenverarbeitung und damit verbundene personenbezogene Daten<\/h3>\n\n\n\n<p><strong>Personenbezogene Daten<\/strong> sind alle Informationen, die sich auf eine identifizierte oder identifizierbare nat\u00fcrliche Person (im Folgenden \u201ebetroffene Person\u201c) beziehen.<\/p>\n\n\n\n<ul class=\"wp-block-list\">\n<li>Zweck dieser Webseite ist es, \u00fcber Turniere und Geschehen im Schach zu berichten. Dies entspricht dem satzungsgem\u00e4\u00dfen Zweck des Vereins auf Wahrung, Verbreitung und F\u00f6rderung des Schachsports. Auf dieser Webseite werden daher an personenbezogenen Daten insbesondere Namen, Ergebnisse und Bilddaten gespeichert und angezeigt.<\/li>\n\n\n\n<li>Der Besuch unserer Internetseiten selbst ist grunds\u00e4tzlich ohne jede Angabe personenbezogener Daten m\u00f6glich.<\/li>\n<\/ul>\n\n\n\n<p><strong>Betroffene Personen<\/strong> im Sinne der DSGVO sind identifizierte oder identifizierbare nat\u00fcrliche Personen, deren personenbezogene Daten von dem f\u00fcr die Verarbeitung Verantwortlichen verarbeitet werden. Im Rahmen dieser Webseite sind dies dem Zweck entsprechend Spieler, Organisatoren, Trainer, Schiedsrichter und Funktion\u00e4re. Weitere betroffene Personen sind die Besucher dieser Webseite, insoweit wir personenbezogene Daten zur Auswertung der Besucherfrequenz der Webseite verwenden.<\/p>\n\n\n\n<h3 class=\"wp-block-heading\">2 Rechtsgrundlagen der Verarbeitung<\/h3>\n\n\n\n<p>Wir verarbeiten die personenbezogenen Daten der Betroffenen auf der Grundlage unseres \u00fcberwiegenden berechtigten Interesses, die unter Punkt 1 genannten Zwecke zu erreichen (Art. 6 Abs. 1 lit. f DSGVO).<\/p>\n\n\n\n<h3 class=\"wp-block-heading\">3 \u00dcbermittlung Ihrer personenbezogenen Daten<\/h3>\n\n\n\n<p>Soweit dies zu den unter Punkt 1 genannten Zwecken zwingend erforderlich ist, werden wir Ihre personenbezogenen Daten an folgende Empf\u00e4nger \u00fcbermitteln:<\/p>\n\n\n\n<ul class=\"wp-block-list\">\n<li>von uns eingesetzte IT-Dienstleister.<\/li>\n\n\n\n<li>Anzeige der Informationen dieser Seite auf unserer Kontaktseite auf Facebook.<\/li>\n\n\n\n<li>sonstige Dienstleister im Zuge der Auswertung der Besucherfrequenz.<\/li>\n<\/ul>\n\n\n\n<h3 class=\"wp-block-heading\">4 Speicherdauer<\/h3>\n\n\n\n<p>Wir speichern die mit den Sportveranstaltungen verbundenen personenbezogenen Daten grunds\u00e4tzlich dauerhaft im Archiv, um unseren Aufgaben im Sinne von Punkt 1 nachkommen zu k\u00f6nnen. Soweit Sie Besucher der Webseite sind, speichern wir Ihre personenbezogenen Daten f\u00fcr die Zwecke des Marketings bis zu Ihrem Widerspruch oder dem Widerruf Ihrer Einwilligung, soweit die Marketingma\u00dfnahme auf Grundlage Ihrer Einwilligung erfolgt.<\/p>\n\n\n\n<h3 class=\"wp-block-heading\">5 Ihre Rechte im Zusammenhang mit personenbezogenen &nbsp;Daten<\/h3>\n\n\n\n<p>Betroffene Personen sind unter anderem berechtigt (i) zu \u00fcberpr\u00fcfen, ob und welche personenbezogenen Daten wir \u00fcber sie verarbeiten und Kopien dieser Daten zu erhalten, (ii) die Berichtigung, Erg\u00e4nzung, oder L\u00f6schung ihrer personenbezogenen Daten zu verlangen, soweit diese falsch sind oder nicht rechtskonform verarbeitet werden, (iii) von uns zu verlangen, die Verarbeitung ihrer personenbezogenen Daten einzuschr\u00e4nken, (iv) unter bestimmten Umst\u00e4nden der Verarbeitung ihrer personenbezogenen Daten zu widersprechen oder die f\u00fcr die Verarbeitung zuvor gegebene Einwilligung zu widerrufen, wobei ein Widerruf die Rechtsm\u00e4\u00dfigkeit der vor dem Widerruf erfolgten Verarbeitung nicht ber\u00fchrt, (v) Daten\u00fcbertragbarkeit zu verlangen (vi) die Identit\u00e4t von Dritten, an welche Ihre personenbezogenen Daten \u00fcbermittelt werden, zu kennen und (vii) bei der Datenschutzbeh\u00f6rde Beschwerde zu erheben.<\/p>\n\n\n\n<h3 class=\"wp-block-heading\">6 Datenschutzbestimmungen zu Einsatz und Verwendung von Google Analytics<\/h3>\n\n\n\n<p>Der f\u00fcr die Verarbeitung Verantwortliche hat auf dieser Internetseite die Komponente Google Analytics mit Anonymisierungsfunktion integriert. Der Zweck der Google-Analytics-Komponente ist die Analyse der Besucherstr\u00f6me auf unserer Internetseite.<\/p>\n\n\n\n<p>Google Analytics ist ein Web-Analyse-Dienst. Er erfasst unter anderem Daten dar\u00fcber, von welcher Internetseite eine betroffene Person auf eine Internetseite gekommen ist, auf welche Unterseiten der Internetseite zugegriffen, oder wie oft und f\u00fcr welche Verweildauer eine Unterseite betrachtet wurde. Eine Web-Analyse wird \u00fcberwiegend zur Optimierung einer Internetseite und zur Kosten-Nutzen-Analyse von Internetwerbung eingesetzt. Betreibergesellschaft der Google-Analytics-Komponente ist die Google Inc., 1600 Amphitheatre Pkwy, Mountain View, CA 94043-1351, USA.<\/p>\n\n\n\n<p>Google Analytics setzt ein Cookie auf dem informationstechnologischen System der betroffenen Person. Mittels des Cookies werden personenbezogene Informationen, beispielsweise die IP Adresse, die Zugriffszeit, der Ort, von welchem ein Zugriff ausging und die H\u00e4ufigkeit der Besuche unserer Internetseite durch die betroffene Person, gespeichert. Die betroffene Person kann die Setzung von Cookies durch unsere Internetseite jederzeit mittels einer entsprechenden Einstellung des genutzten Internetbrowsers verhindern und damit der Setzung von Cookies dauerhaft widersprechen. Eine solche Einstellung des genutzten Internetbrowsers w\u00fcrde auch verhindern, dass Google ein Cookie auf dem informationstechnologischen System der betroffenen Person setzt. Zudem kann ein von Google Analytics bereits gesetzter Cookie jederzeit \u00fcber den Internetbrowser oder andere Softwareprogramme gel\u00f6scht werden.<\/p>\n\n\n\n<p>Weitere Informationen und die geltenden Datenschutzbestimmungen von Google k\u00f6nnen unter https:\/\/www.google.de\/intl\/de\/policies\/privacy\/ und unter http:\/\/www.google.com\/analytics\/terms\/de.html abgerufen werden.<\/p>\n\n\n\n<h3 class=\"wp-block-heading\">7 Unsere Kontaktdaten<\/h3>\n\n\n\n<p>Sollten Sie zu dieser Erkl\u00e4rung Fragen haben oder Antr\u00e4ge stellen wollen, wenden Sie sich bitte an:<\/p>\n\n\n\n<p><strong>Schachverein 1954 Lochau<\/strong><br>Obmann Manfred Mayr<br>E-Mail:\u00a0manfred-mayr (a) aon.at<\/p>\n","protected":false},"excerpt":{"rendered":"<p>Informationspflicht laut \u00a75 E-Commerce Gesetz, \u00a714 Unternehmensgesetzbuch, \u00a763 Gewerbeordnung und Offenlegungspflicht laut \u00a725 Mediengesetz Schachverein 1954 LochauZVR: 204827190 Organschaftliche Vertreter: Obmann Manfred Mayr E-Mail:\u00a0manfred-mayr (a) aon.at Vereinszweck: Zweck des Vereins ist die F\u00f6rderung des Schachspiels in der Gemeinde. Quelle Datenschutz:&nbsp;http:\/\/www.chess.at\/blog-info-verband &hellip; <a href=\"http:\/\/www.schachverein-lochau.at\/wordpress\/datenschutzerklaerung\/\">Weiterlesen <span class=\"meta-nav\">&rarr;<\/span><\/a><\/p>\n","protected":false},"author":1,"featured_media":0,"parent":0,"menu_order":0,"comment_status":"closed","ping_status":"open","template":"","meta":{"footnotes":""},"class_list":["post-3","page","type-page","status-publish","hentry"],"_links":{"self":[{"href":"http:\/\/www.schachverein-lochau.at\/wordpress\/wp-json\/wp\/v2\/pages\/3","targetHints":{"allow":["GET"]}}],"collection":[{"href":"http:\/\/www.schachverein-lochau.at\/wordpress\/wp-json\/wp\/v2\/pages"}],"about":[{"href":"http:\/\/www.schachverein-lochau.at\/wordpress\/wp-json\/wp\/v2\/types\/page"}],"author":[{"embeddable":true,"href":"http:\/\/www.schachverein-lochau.at\/wordpress\/wp-json\/wp\/v2\/users\/1"}],"replies":[{"embeddable":true,"href":"http:\/\/www.schachverein-lochau.at\/wordpress\/wp-json\/wp\/v2\/comments?post=3"}],"version-history":[{"count":3,"href":"http:\/\/www.schachverein-lochau.at\/wordpress\/wp-json\/wp\/v2\/pages\/3\/revisions"}],"predecessor-version":[{"id":172,"href":"http:\/\/www.schachverein-lochau.at\/wordpress\/wp-json\/wp\/v2\/pages\/3\/revisions\/172"}],"wp:attachment":[{"href":"http:\/\/www.schachverein-lochau.at\/wordpress\/wp-json\/wp\/v2\/media?parent=3"}],"curies":[{"name":"wp","href":"https:\/\/api.w.org\/{rel}","templated":true}]}}